{"id":1504,"date":"2024-11-22T23:25:00","date_gmt":"2024-11-22T22:25:00","guid":{"rendered":"https:\/\/casemio.de\/?page_id=1504"},"modified":"2024-11-23T17:52:23","modified_gmt":"2024-11-23T16:52:23","slug":"agb","status":"publish","type":"page","link":"https:\/\/casemio.de\/en\/agb\/","title":{"rendered":"Allgemeine Gesch\u00e4ftsbedingungen und Kundeninformationen"},"content":{"rendered":"<h2 class=\"has-text-align-center wp-block-post-title\">Allgemeine Gesch\u00e4ftsbedingungen und Kundeninformationen<\/h2>\n\n\n<p>I. Allgemeine Gesch\u00e4ftsbedingungen<\/p>\n\n\n\n<p>\u00a7 1 Grundlegende Bestimmungen<\/p>\n\n\n\n<p>(1) Die nachstehenden Gesch\u00e4ftsbedingungen gelten f\u00fcr Vertr\u00e4ge, die Sie mit uns als Anbieter (Redisa Vraja) \u00fcber die Internetseite https:\/\/casemio.de\/ schlie\u00dfen, soweit nicht schriftlich zwischen den Parteien eine Ab\u00e4nderung vereinbart wird. Abweichende oder entgegenstehende Gesch\u00e4ftsbedingungen sind nur mit unserer ausdr\u00fccklichen Zustimmung wirksam.<\/p>\n\n\n\n<p>(2) Wir bieten unsere Produkte nur zum Kauf an, soweit Sie eine nat\u00fcrliche oder juristische Person oder eine rechtsf\u00e4hige Personengesellschaft sind, die bei Abschluss des Rechtsgesch\u00e4fts in Aus\u00fcbung ihrer gewerblichen oder selbst\u00e4ndigen beruflichen T\u00e4tigkeit handelt (Unternehmer). Ein Vertragsabschluss mit Verbrauchern ist ausgeschlossen.<\/p>\n\n\n\n<p>\u00a7 2 Zustandekommen des Vertrages<\/p>\n\n\n\n<p>(1) Gegenstand des Vertrages ist der Verkauf von Waren. Die wesentlichen Merkmale der Ware finden sich im jeweiligen Angebot.<\/p>\n\n\n\n<p>(2) Unsere Angebote im Internet sind unverbindlich und kein verbindliches Angebot zum Abschluss eines Vertrages.<\/p>\n\n\n\n<p>(3) Sie k\u00f6nnen ein verbindliches Vertragsangebot (Bestellung) telefonisch, per E-Mail, per Fax, per Post oder \u00fcber das Online-Warenkorbsystem abgeben.<\/p>\n\n\n\n<p>Beim Kauf \u00fcber das Online-Warenkorbsystem werden die zum Kauf beabsichtigten Waren im &#8222;Warenkorb&#8220; abgelegt. \u00dcber die entsprechende Schaltfl\u00e4che in der Navigationsleiste k\u00f6nnen Sie den &#8222;Warenkorb&#8220; aufrufen und dort jederzeit \u00c4nderungen vornehmen. Nach Anklicken der Schaltfl\u00e4che &#8222;Kasse&#8220; oder &#8222;Weiter zur Bestellung&#8220; (oder \u00e4hnliche Bezeichnung) und der Eingabe der pers\u00f6nlichen Daten sowie der Zahlungs- und Versandbedingungen werden abschlie\u00dfend nochmals alle Bestelldaten auf der Bestell\u00fcbersichtsseite angezeigt.<\/p>\n\n\n\n<p>Vor Absenden der Bestellung haben Sie die M\u00f6glichkeit, die Angaben in der Bestell\u00fcbersicht nochmals zu \u00fcberpr\u00fcfen, zu \u00e4ndern (auch \u00fcber die Funktion &#8222;zur\u00fcck&#8220; des Internetbrowsers) bzw. die Bestellung abzubrechen. Mit dem Absenden der Bestellung \u00fcber die entsprechende Schaltfl\u00e4che geben Sie ein verbindliches Angebot bei uns ab.<br>Sie erhalten zun\u00e4chst eine automatische E-Mail \u00fcber den Eingang ihrer Bestellung, die noch nicht zum Vertragsschluss f\u00fchrt.<\/p>\n\n\n\n<p>(4) Die Annahme des Angebots (und damit der Vertragsabschluss) erfolgt bei Bestellung per Telefon sofort oder sp\u00e4testens innerhalb von 5 Tagen durch Best\u00e4tigung in Textform (z.B. E-Mail), in welcher Ihnen die Ausf\u00fchrung der Bestellung oder Auslieferung der Ware best\u00e4tigt wird (Auftragsbest\u00e4tigung).<br>Sollten Sie innerhalb dieser Frist keine entsprechende Nachricht erhalten haben, sind Sie nicht mehr an Ihre Bestellung gebunden. Gegebenenfalls bereits erbrachte Leistungen werden in diesem Fall unverz\u00fcglich zur\u00fcckerstattet.<\/p>\n\n\n\n<p>(5) Die Abwicklung der Bestellung und \u00dcbermittlung aller im Zusammenhang mit dem Vertragsschluss erforderlichen Informationen erfolgt per E-Mail zum Teil automatisiert. Sie haben deshalb sicherzustellen, dass die von Ihnen bei uns hinterlegte E-Mail-Adresse zutreffend ist, der Empfang der E-Mails technisch sichergestellt und insbesondere nicht durch SPAM-Filter verhindert wird.<\/p>\n\n\n\n<p>\u00a7 3 Preise, Zahlungsbedingungen und Versandkosten<\/p>\n\n\n\n<p>(1) Die in den jeweiligen Angeboten angef\u00fchrten Preise sowie die Versandkosten stellen Nettopreise dar. Sie beinhalten nicht die gesetzliche Mehrwertsteuer.<\/p>\n\n\n\n<p>(2) Die anfallenden Versandkosten sind nicht im Kaufpreis enthalten, sie werden gesondert berechnet, soweit nicht die versandkostenfreie Lieferung zugesagt ist. N\u00e4here Einzelheiten finden sich unter einer entsprechend bezeichneten Schaltfl\u00e4che auf unserer Internetpr\u00e4senz oder im jeweiligen Angebot.<\/p>\n\n\n\n<p>(3) Entstandene Kosten der Geld\u00fcbermittlung (\u00dcberweisungs- oder Wechselkursgeb\u00fchren der Kreditinstitute) sind von Ihnen in den F\u00e4llen zu tragen, in denen die Lieferung in einen EU-Mitgliedsstaat erfolgt, die Zahlung aber au\u00dferhalb der Europ\u00e4ischen Union veranlasst wurde.<\/p>\n\n\n\n<p>(4) Sie haben die unter einer entsprechend bezeichneten Schaltfl\u00e4che auf unserer Internetpr\u00e4senz oder im jeweiligen Angebot ausgewiesenen Zahlungsm\u00f6glichkeiten. Soweit bei den einzelnen Zahlungsarten oder auf der Rechnung keine andere Zahlungsfrist angegeben ist, sind die Zahlungsanspr\u00fcche aus dem geschlossenen Vertrag sofort zur Zahlung f\u00e4llig. Der Abzug von Skonti ist nur zul\u00e4ssig, sofern im jeweiligen Angebot oder in der Rechnung ausdr\u00fccklich ausgewiesen.<\/p>\n\n\n\n<p>\u00a7 4 Lieferbedingungen<\/p>\n\n\n\n<p>(1) Die voraussichtliche Lieferfrist ist im jeweiligen Angebot angegeben. Liefertermine und Lieferfristen sind nur verbindlich, wenn sie von uns schriftlich best\u00e4tigt wurden. Bei der Zahlart Vorkasse per \u00dcberweisung erfolgt die Versendung der Ware erst nach Eingang des vollst\u00e4ndigen Kaufpreises und der Versandkosten bei uns.<\/p>\n\n\n\n<p>(2) Sollte ein von Ihnen bestelltes Produkt wider Erwarten trotz rechtzeitigem Abschluss eines ad\u00e4quaten Deckungsgesch\u00e4ftes aus einem von uns nicht zu vertretenden Grund nicht verf\u00fcgbar sein, werden Sie unverz\u00fcglich \u00fcber die Nichtverf\u00fcgbarkeit informiert und im Falle des R\u00fccktritts etwa bereits geleistete Zahlungen unverz\u00fcglich erstattet.<\/p>\n\n\n\n<p>(3) Die Versendung erfolgt auf Ihre Gefahr. Sofern Sie es w\u00fcnschen, erfolgt der Versand mit einer entsprechenden Transportversicherung, wobei die hierdurch entstehenden Kosten von Ihnen zu \u00fcbernehmen sind.<\/p>\n\n\n\n<p>(4) Teillieferungen sind zul\u00e4ssig und k\u00f6nnen von uns selbstst\u00e4ndig in Rechnung gestellt werden, sofern Sie hierdurch nicht mit Mehrkosten f\u00fcr den Versand belastet werden.<\/p>\n\n\n\n<p>\u00a7 5 Gew\u00e4hrleistung<\/p>\n\n\n\n<p>(1) Die Gew\u00e4hrleistungsfrist betr\u00e4gt ein Jahr ab Ablieferung der Ware. Die Fristverk\u00fcrzung gilt nicht:<\/p>\n\n\n\n<ul class=\"wp-block-list\">\n<li>f\u00fcr uns zurechenbare schuldhaft verursachte Sch\u00e4den aus der Verletzung des Lebens, des K\u00f6rpers oder der Gesundheit und bei vors\u00e4tzlich oder grob fahrl\u00e4ssig verursachten sonstigen Sch\u00e4den;<\/li>\n\n\n\n<li>soweit wir den Mangel arglistig verschwiegen oder eine Garantie f\u00fcr die Beschaffenheit der Sache \u00fcbernommen haben;<\/li>\n\n\n\n<li>bei Sachen, die entsprechend ihrer \u00fcblichen Verwendungsweise f\u00fcr ein Bauwerk verwendet worden sind und dessen Mangelhaftigkeit verursacht haben;<\/li>\n\n\n\n<li>bei gesetzlichen R\u00fcckgriffsanspr\u00fcchen, die Sie im Zusammenhang mit M\u00e4ngelrechten gegen uns haben.<\/li>\n<\/ul>\n\n\n\n<p>(2) Als Beschaffenheit der Sache gelten nur unsere eigenen Angaben und die Produktbeschreibung des Herstellers als vereinbart, nicht jedoch sonstige Werbung, \u00f6ffentliche Anpreisungen und \u00c4u\u00dferungen des Herstellers.<\/p>\n\n\n\n<p>(3) Bei M\u00e4ngeln leisten wir nach unserer Wahl Gew\u00e4hr durch Nachbesserung oder Nachlieferung. Schl\u00e4gt die Mangelbeseitigung fehl, k\u00f6nnen Sie nach Ihrer Wahl Minderung verlangen oder vom Vertrag zur\u00fccktreten. Die M\u00e4ngelbeseitigung gilt nach erfolglosem zweiten Versuch als fehlgeschlagen, wenn sich nicht insbesondere aus der Art der Sache oder des Mangels oder den sonstigen Umst\u00e4nden etwas anderes ergibt. Im Falle der Nachbesserung m\u00fcssen wir nicht die erh\u00f6hten Kosten tragen, die durch die Verbringung der Ware an einen anderen Ort als den Erf\u00fcllungsort entstehen, sofern die Verbringung nicht dem bestimmungsgem\u00e4\u00dfen Gebrauch der Ware entspricht.<\/p>\n\n\n\n<p>\u00a7 6 Zur\u00fcckbehaltungsrecht, Eigentumsvorbehalt<\/p>\n\n\n\n<p>(1) Ein Zur\u00fcckbehaltungsrecht k\u00f6nnen Sie nur aus\u00fcben, soweit es sich um Forderungen aus demselben Vertragsverh\u00e4ltnis handelt.<\/p>\n\n\n\n<p>(2) Wir behalten uns das Eigentum an der Ware bis zum vollst\u00e4ndigen Ausgleich aller Forderungen aus der laufenden Gesch\u00e4ftsbeziehung vor. Vor \u00dcbergang des Eigentums an der Vorbehaltsware ist eine Verpf\u00e4ndung oder Sicherheits\u00fcbereignung nicht zul\u00e4ssig.<\/p>\n\n\n\n<p>(3) Sie k\u00f6nnen die Ware im ordentlichen Gesch\u00e4ftsgang weiterverkaufen. F\u00fcr diesen Fall treten Sie bereits jetzt alle Forderungen in H\u00f6he des Rechnungsbetrages, die Ihnen aus dem Weiterverkauf erwachsen, an uns ab, wir nehmen die Abtretung an. Sie sind weiter zur Einziehung der Forderung erm\u00e4chtigt. Soweit Sie Ihren Zahlungsverpflichtungen nicht ordnungsgem\u00e4\u00df nachkommen, behalten wir uns allerdings vor, die Forderung selbst einzuziehen.<\/p>\n\n\n\n<p>(4) Bei Verbindung und Vermischung der Vorbehaltsware erwerben wir Miteigentum an der neuen Sache im Verh\u00e4ltnis des Rechnungswertes der Vorbehaltsware zu den anderen verarbeiteten Gegenst\u00e4nden zum Zeitpunkt der Verarbeitung.<\/p>\n\n\n\n<p>(5) Wir verpflichten uns, die Ihnen zustehenden Sicherheiten auf Ihr Verlangen insoweit freizugeben, als der realisierbare Wert unserer Sicherheiten die zu sichernde Forderung um mehr als 10% \u00fcbersteigt. Die Auswahl der freizugebenden Sicherheiten obliegt uns.<\/p>\n\n\n\n<p>\u00a7 7 Rechtswahl<\/p>\n\n\n\n<p>Es gilt deutsches Recht unter Ausschluss des UN-Kaufrechts.<\/p>\n\n\n\n<p>II. Kundeninformationen<\/p>\n\n\n\n<ol class=\"wp-block-list\">\n<li>Identit\u00e4t des Anbieters<\/li>\n<\/ol>\n\n\n\n<p>Redisa Vraja<br>Dorotheenstr. 120<br>22301 Hamburg<br>Deutschland<br>Telefon: +491781777800<br>E-Mail: Impressum.casemio@gmail.com<\/p>\n\n\n\n<ol start=\"2\" class=\"wp-block-list\">\n<li>Informationen zum Zustandekommen des Vertrages<\/li>\n<\/ol>\n\n\n\n<p>Die technischen Schritte zum Vertragsschluss und der Vertragsschluss selbst, sowie die Korrekturm\u00f6glichkeiten erfolgen nach Ma\u00dfgabe des \u00a7 2 unserer Allgemeinen Gesch\u00e4ftsbedingungen (Teil I).<\/p>\n\n\n\n<ol start=\"3\" class=\"wp-block-list\">\n<li>Vertragssprache, Vertragstextspeicherung<\/li>\n<\/ol>\n\n\n\n<p>3.1. Vertragssprache ist deutsch.<\/p>\n\n\n\n<p>3.2. Der vollst\u00e4ndige Vertragstext wird von uns nicht gespeichert. Vor Absenden der Bestellung oder der Anfrage k\u00f6nnen die Vertragsdaten \u00fcber die Druckfunktion des Browsers ausgedruckt oder elektronisch gesichert werden.<\/p>\n\n\n\n<p>Diese AGB und Kundeninformationen wurden von den auf IT-Recht spezialisierten Juristen des H\u00e4ndlerbundes erstellt und werden permanent auf Rechtskonformit\u00e4t gepr\u00fcft. Die H\u00e4ndlerbund Management AG garantiert f\u00fcr die Rechtssicherheit der Texte und haftet im Falle von Abmahnungen. N\u00e4here Informationen dazu finden Sie unter: https:\/\/www.haendlerbund.de\/de\/leistungen\/rechtssicherheit\/agb-service. (https:\/\/www.haendlerbund.de\/de\/leistungen\/rechtssicherheit\/agb-service)<\/p>\n\n\n\n<p>letzte Aktualisierung: 22.10.2024<\/p>","protected":false},"excerpt":{"rendered":"<p>I. Allgemeine Gesch\u00e4ftsbedingungen \u00a7 1 Grundlegende Bestimmungen (1) Die nachstehenden Gesch\u00e4ftsbedingungen gelten f\u00fcr Vertr\u00e4ge, die Sie mit uns als Anbieter (Redisa Vraja) \u00fcber die Internetseite https:\/\/casemio.de\/ schlie\u00dfen, soweit nicht schriftlich zwischen den Parteien eine Ab\u00e4nderung vereinbart wird. Abweichende oder entgegenstehende Gesch\u00e4ftsbedingungen sind nur mit unserer ausdr\u00fccklichen Zustimmung wirksam. (2) Wir bieten unsere Produkte nur zum [&#8230;]","protected":false},"author":1,"featured_media":0,"parent":0,"menu_order":0,"comment_status":"closed","ping_status":"closed","template":"","meta":{"footnotes":""},"class_list":["post-1504","page","type-page","status-publish","hentry"],"yoast_head":"<!-- This site is optimized with the Yoast SEO plugin v25.7 - https:\/\/yoast.com\/wordpress\/plugins\/seo\/ -->\n<title>Allgemeine Gesch\u00e4ftsbedingungen und Kundeninformationen - CaseMio<\/title>\n<meta name=\"robots\" content=\"index, follow, max-snippet:-1, max-image-preview:large, max-video-preview:-1\" \/>\n<link rel=\"canonical\" href=\"https:\/\/casemio.de\/en\/agb\/\" \/>\n<meta property=\"og:locale\" content=\"en_US\" \/>\n<meta property=\"og:type\" content=\"article\" \/>\n<meta property=\"og:title\" content=\"Allgemeine Gesch\u00e4ftsbedingungen und Kundeninformationen - CaseMio\" \/>\n<meta property=\"og:description\" content=\"I. Allgemeine Gesch\u00e4ftsbedingungen \u00a7 1 Grundlegende Bestimmungen (1) Die nachstehenden Gesch\u00e4ftsbedingungen gelten f\u00fcr Vertr\u00e4ge, die Sie mit uns als Anbieter (Redisa Vraja) \u00fcber die Internetseite https:\/\/casemio.de\/ schlie\u00dfen, soweit nicht schriftlich zwischen den Parteien eine Ab\u00e4nderung vereinbart wird. Abweichende oder entgegenstehende Gesch\u00e4ftsbedingungen sind nur mit unserer ausdr\u00fccklichen Zustimmung wirksam. (2) Wir bieten unsere Produkte nur zum [...]\" \/>\n<meta property=\"og:url\" content=\"https:\/\/casemio.de\/en\/agb\/\" \/>\n<meta property=\"og:site_name\" content=\"CaseMio\" \/>\n<meta property=\"article:modified_time\" content=\"2024-11-23T16:52:23+00:00\" \/>\n<meta name=\"twitter:card\" content=\"summary_large_image\" \/>\n<meta name=\"twitter:label1\" content=\"Est. reading time\" \/>\n\t<meta name=\"twitter:data1\" content=\"7 minutes\" \/>\n<script type=\"application\/ld+json\" class=\"yoast-schema-graph\">{\"@context\":\"https:\/\/schema.org\",\"@graph\":[{\"@type\":\"WebPage\",\"@id\":\"https:\/\/casemio.de\/agb\/\",\"url\":\"https:\/\/casemio.de\/agb\/\",\"name\":\"Allgemeine Gesch\u00e4ftsbedingungen und Kundeninformationen - CaseMio\",\"isPartOf\":{\"@id\":\"https:\/\/casemio.de\/#website\"},\"datePublished\":\"2024-11-22T22:25:00+00:00\",\"dateModified\":\"2024-11-23T16:52:23+00:00\",\"breadcrumb\":{\"@id\":\"https:\/\/casemio.de\/agb\/#breadcrumb\"},\"inLanguage\":\"en-US\",\"potentialAction\":[{\"@type\":\"ReadAction\",\"target\":[\"https:\/\/casemio.de\/agb\/\"]}]},{\"@type\":\"BreadcrumbList\",\"@id\":\"https:\/\/casemio.de\/agb\/#breadcrumb\",\"itemListElement\":[{\"@type\":\"ListItem\",\"position\":1,\"name\":\"Home\",\"item\":\"https:\/\/casemio.de\/\"},{\"@type\":\"ListItem\",\"position\":2,\"name\":\"Allgemeine Gesch\u00e4ftsbedingungen und Kundeninformationen\"}]},{\"@type\":\"WebSite\",\"@id\":\"https:\/\/casemio.de\/#website\",\"url\":\"https:\/\/casemio.de\/\",\"name\":\"CaseMio\",\"description\":\"\",\"publisher\":{\"@id\":\"https:\/\/casemio.de\/#organization\"},\"potentialAction\":[{\"@type\":\"SearchAction\",\"target\":{\"@type\":\"EntryPoint\",\"urlTemplate\":\"https:\/\/casemio.de\/?s={search_term_string}\"},\"query-input\":{\"@type\":\"PropertyValueSpecification\",\"valueRequired\":true,\"valueName\":\"search_term_string\"}}],\"inLanguage\":\"en-US\"},{\"@type\":\"Organization\",\"@id\":\"https:\/\/casemio.de\/#organization\",\"name\":\"CaseMio\",\"url\":\"https:\/\/casemio.de\/\",\"logo\":{\"@type\":\"ImageObject\",\"inLanguage\":\"en-US\",\"@id\":\"https:\/\/casemio.de\/#\/schema\/logo\/image\/\",\"url\":\"https:\/\/casemio.de\/wp-content\/uploads\/2024\/02\/dasda-scaled.jpg\",\"contentUrl\":\"https:\/\/casemio.de\/wp-content\/uploads\/2024\/02\/dasda-scaled.jpg\",\"width\":2560,\"height\":1707,\"caption\":\"CaseMio\"},\"image\":{\"@id\":\"https:\/\/casemio.de\/#\/schema\/logo\/image\/\"}}]}<\/script>\n<!-- \/ Yoast SEO plugin. -->","yoast_head_json":{"title":"Allgemeine Gesch\u00e4ftsbedingungen und Kundeninformationen - CaseMio","robots":{"index":"index","follow":"follow","max-snippet":"max-snippet:-1","max-image-preview":"max-image-preview:large","max-video-preview":"max-video-preview:-1"},"canonical":"https:\/\/casemio.de\/en\/agb\/","og_locale":"en_US","og_type":"article","og_title":"Allgemeine Gesch\u00e4ftsbedingungen und Kundeninformationen - CaseMio","og_description":"I. Allgemeine Gesch\u00e4ftsbedingungen \u00a7 1 Grundlegende Bestimmungen (1) Die nachstehenden Gesch\u00e4ftsbedingungen gelten f\u00fcr Vertr\u00e4ge, die Sie mit uns als Anbieter (Redisa Vraja) \u00fcber die Internetseite https:\/\/casemio.de\/ schlie\u00dfen, soweit nicht schriftlich zwischen den Parteien eine Ab\u00e4nderung vereinbart wird. Abweichende oder entgegenstehende Gesch\u00e4ftsbedingungen sind nur mit unserer ausdr\u00fccklichen Zustimmung wirksam. (2) Wir bieten unsere Produkte nur zum [...]","og_url":"https:\/\/casemio.de\/en\/agb\/","og_site_name":"CaseMio","article_modified_time":"2024-11-23T16:52:23+00:00","twitter_card":"summary_large_image","twitter_misc":{"Est. reading time":"7 minutes"},"schema":{"@context":"https:\/\/schema.org","@graph":[{"@type":"WebPage","@id":"https:\/\/casemio.de\/agb\/","url":"https:\/\/casemio.de\/agb\/","name":"Allgemeine Gesch\u00e4ftsbedingungen und Kundeninformationen - CaseMio","isPartOf":{"@id":"https:\/\/casemio.de\/#website"},"datePublished":"2024-11-22T22:25:00+00:00","dateModified":"2024-11-23T16:52:23+00:00","breadcrumb":{"@id":"https:\/\/casemio.de\/agb\/#breadcrumb"},"inLanguage":"en-US","potentialAction":[{"@type":"ReadAction","target":["https:\/\/casemio.de\/agb\/"]}]},{"@type":"BreadcrumbList","@id":"https:\/\/casemio.de\/agb\/#breadcrumb","itemListElement":[{"@type":"ListItem","position":1,"name":"Home","item":"https:\/\/casemio.de\/"},{"@type":"ListItem","position":2,"name":"Allgemeine Gesch\u00e4ftsbedingungen und Kundeninformationen"}]},{"@type":"WebSite","@id":"https:\/\/casemio.de\/#website","url":"https:\/\/casemio.de\/","name":"CaseMio","description":"","publisher":{"@id":"https:\/\/casemio.de\/#organization"},"potentialAction":[{"@type":"SearchAction","target":{"@type":"EntryPoint","urlTemplate":"https:\/\/casemio.de\/?s={search_term_string}"},"query-input":{"@type":"PropertyValueSpecification","valueRequired":true,"valueName":"search_term_string"}}],"inLanguage":"en-US"},{"@type":"Organization","@id":"https:\/\/casemio.de\/#organization","name":"CaseMio","url":"https:\/\/casemio.de\/","logo":{"@type":"ImageObject","inLanguage":"en-US","@id":"https:\/\/casemio.de\/#\/schema\/logo\/image\/","url":"https:\/\/casemio.de\/wp-content\/uploads\/2024\/02\/dasda-scaled.jpg","contentUrl":"https:\/\/casemio.de\/wp-content\/uploads\/2024\/02\/dasda-scaled.jpg","width":2560,"height":1707,"caption":"CaseMio"},"image":{"@id":"https:\/\/casemio.de\/#\/schema\/logo\/image\/"}}]}},"_links":{"self":[{"href":"https:\/\/casemio.de\/en\/wp-json\/wp\/v2\/pages\/1504","targetHints":{"allow":["GET"]}}],"collection":[{"href":"https:\/\/casemio.de\/en\/wp-json\/wp\/v2\/pages"}],"about":[{"href":"https:\/\/casemio.de\/en\/wp-json\/wp\/v2\/types\/page"}],"author":[{"embeddable":true,"href":"https:\/\/casemio.de\/en\/wp-json\/wp\/v2\/users\/1"}],"replies":[{"embeddable":true,"href":"https:\/\/casemio.de\/en\/wp-json\/wp\/v2\/comments?post=1504"}],"version-history":[{"count":3,"href":"https:\/\/casemio.de\/en\/wp-json\/wp\/v2\/pages\/1504\/revisions"}],"predecessor-version":[{"id":1514,"href":"https:\/\/casemio.de\/en\/wp-json\/wp\/v2\/pages\/1504\/revisions\/1514"}],"wp:attachment":[{"href":"https:\/\/casemio.de\/en\/wp-json\/wp\/v2\/media?parent=1504"}],"curies":[{"name":"wp","href":"https:\/\/api.w.org\/{rel}","templated":true}]}}