{"id":1506,"date":"2024-11-22T23:27:22","date_gmt":"2024-11-22T22:27:22","guid":{"rendered":"https:\/\/casemio.de\/?page_id=1506"},"modified":"2024-11-22T23:27:24","modified_gmt":"2024-11-22T22:27:24","slug":"zahlung-und-versand","status":"publish","type":"page","link":"https:\/\/casemio.de\/en\/zahlung-und-versand\/","title":{"rendered":"Zahlung und Versand"},"content":{"rendered":"<h2 class=\"has-text-align-center wp-block-post-title\">Zahlung und Versand<\/h2>\n\n\n<p>Es gelten folgende Bedingungen:<\/p>\n\n\n\n<p>Die Lieferung erfolgt im Inland (Deutschland) und in die nachstehenden L\u00e4nder: \u00d6sterreich, Schweiz.<\/p>\n\n\n\n<p>Versandkosten (zzgl. MwSt.)<\/p>\n\n\n\n<p>Lieferungen im Inland (Deutschland):<\/p>\n\n\n\n<p>Wir berechnen die Versandkosten pauschal mit 4,99 \u0080 pro Bestellung.<\/p>\n\n\n\n<p>Lieferungen ins Ausland:<\/p>\n\n\n\n<p>Akzeptierte Zahlungsm\u00f6glichkeiten<\/p>\n\n\n\n<p>\u00dcber PayPal Checkout:<\/p>\n\n\n\n<ul class=\"wp-block-list\">\n<li>Zahlung per PayPal<\/li>\n\n\n\n<li>Zahlung per Kreditkarte<\/li>\n\n\n\n<li>Zahlung per giropay<\/li>\n\n\n\n<li>Zahlung per Apple Pay<\/li>\n<\/ul>\n\n\n\n<p>Besondere Vereinbarungen zu den angebotenen Zahlungsarten<\/p>\n\n\n\n<p>Zahlung \u00fcber &#8222;PayPal&#8220; \/ &#8222;PayPal Checkout&#8220;<br>Bei Auswahl einer Zahlungsart, die \u00fcber &#8222;PayPal&#8220; \/ &#8222;PayPal Checkout&#8220; angeboten wird, erfolgt die Zahlungsabwicklung \u00fcber den Zahlungsdienstleister PayPal (Europe) S.\u00e0.r.l. et Cie, S.C.A. (22-24 Boulevard Royal L-2449, Luxemburg; &#8222;PayPal&#8220;). Die einzelnen Zahlungsarten \u00fcber &#8222;PayPal&#8220; werden Ihnen unter einer entsprechend bezeichneten Schaltfl\u00e4che auf unserer Internetpr\u00e4senz sowie im Online-Bestellvorgang angezeigt. F\u00fcr die Zahlungsabwicklung kann sich &#8222;PayPal&#8220; weiterer Zahlungsdienste bedienen; soweit hierf\u00fcr besondere Zahlungsbedingungen gelten, werden Sie auf diese gesondert hingewiesen. N\u00e4here Informationen zu &#8222;PayPal&#8220; finden Sie unter https:\/\/www.paypal.com\/de\/webapps\/mpp\/ua\/legalhub-full (https:\/\/www.paypal.com\/de\/webapps\/mpp\/ua\/legalhub-full).<\/p>\n\n\n\n<p>Bei Fragen finden Sie unsere Kontaktdaten im Impressum.<\/p>","protected":false},"excerpt":{"rendered":"<p>Es gelten folgende Bedingungen: Die Lieferung erfolgt im Inland (Deutschland) und in die nachstehenden L\u00e4nder: \u00d6sterreich, Schweiz. Versandkosten (zzgl. MwSt.) Lieferungen im Inland (Deutschland): Wir berechnen die Versandkosten pauschal mit 4,99 \u0080 pro Bestellung. Lieferungen ins Ausland: Akzeptierte Zahlungsm\u00f6glichkeiten \u00dcber PayPal Checkout: Besondere Vereinbarungen zu den angebotenen Zahlungsarten Zahlung \u00fcber &#8222;PayPal&#8220; \/ &#8222;PayPal Checkout&#8220;Bei Auswahl [&#8230;]","protected":false},"author":1,"featured_media":0,"parent":0,"menu_order":0,"comment_status":"closed","ping_status":"closed","template":"","meta":{"footnotes":""},"class_list":["post-1506","page","type-page","status-publish","hentry"],"yoast_head":"<!-- This site is optimized with the Yoast SEO plugin v25.7 - https:\/\/yoast.com\/wordpress\/plugins\/seo\/ -->\n<title>Zahlung und Versand - CaseMio<\/title>\n<meta name=\"robots\" content=\"index, follow, max-snippet:-1, max-image-preview:large, max-video-preview:-1\" \/>\n<link rel=\"canonical\" href=\"https:\/\/casemio.de\/en\/zahlung-und-versand\/\" \/>\n<meta property=\"og:locale\" content=\"en_US\" \/>\n<meta property=\"og:type\" content=\"article\" \/>\n<meta property=\"og:title\" content=\"Zahlung und Versand - CaseMio\" \/>\n<meta property=\"og:description\" content=\"Es gelten folgende Bedingungen: Die Lieferung erfolgt im Inland (Deutschland) und in die nachstehenden L\u00e4nder: \u00d6sterreich, Schweiz. Versandkosten (zzgl. MwSt.) Lieferungen im Inland (Deutschland): Wir berechnen die Versandkosten pauschal mit 4,99 \u0080 pro Bestellung. Lieferungen ins Ausland: Akzeptierte Zahlungsm\u00f6glichkeiten \u00dcber PayPal Checkout: Besondere Vereinbarungen zu den angebotenen Zahlungsarten Zahlung \u00fcber &#8222;PayPal&#8220; \/ &#8222;PayPal Checkout&#8220;Bei Auswahl [...]\" \/>\n<meta property=\"og:url\" content=\"https:\/\/casemio.de\/en\/zahlung-und-versand\/\" \/>\n<meta property=\"og:site_name\" content=\"CaseMio\" \/>\n<meta property=\"article:modified_time\" content=\"2024-11-22T22:27:24+00:00\" \/>\n<meta name=\"twitter:card\" content=\"summary_large_image\" \/>\n<meta name=\"twitter:label1\" content=\"Est. reading time\" \/>\n\t<meta name=\"twitter:data1\" content=\"1 minute\" \/>\n<script type=\"application\/ld+json\" class=\"yoast-schema-graph\">{\"@context\":\"https:\/\/schema.org\",\"@graph\":[{\"@type\":\"WebPage\",\"@id\":\"https:\/\/casemio.de\/zahlung-und-versand\/\",\"url\":\"https:\/\/casemio.de\/zahlung-und-versand\/\",\"name\":\"Zahlung und Versand - CaseMio\",\"isPartOf\":{\"@id\":\"https:\/\/casemio.de\/#website\"},\"datePublished\":\"2024-11-22T22:27:22+00:00\",\"dateModified\":\"2024-11-22T22:27:24+00:00\",\"breadcrumb\":{\"@id\":\"https:\/\/casemio.de\/zahlung-und-versand\/#breadcrumb\"},\"inLanguage\":\"en-US\",\"potentialAction\":[{\"@type\":\"ReadAction\",\"target\":[\"https:\/\/casemio.de\/zahlung-und-versand\/\"]}]},{\"@type\":\"BreadcrumbList\",\"@id\":\"https:\/\/casemio.de\/zahlung-und-versand\/#breadcrumb\",\"itemListElement\":[{\"@type\":\"ListItem\",\"position\":1,\"name\":\"Home\",\"item\":\"https:\/\/casemio.de\/\"},{\"@type\":\"ListItem\",\"position\":2,\"name\":\"Zahlung und Versand\"}]},{\"@type\":\"WebSite\",\"@id\":\"https:\/\/casemio.de\/#website\",\"url\":\"https:\/\/casemio.de\/\",\"name\":\"CaseMio\",\"description\":\"\",\"publisher\":{\"@id\":\"https:\/\/casemio.de\/#organization\"},\"potentialAction\":[{\"@type\":\"SearchAction\",\"target\":{\"@type\":\"EntryPoint\",\"urlTemplate\":\"https:\/\/casemio.de\/?s={search_term_string}\"},\"query-input\":{\"@type\":\"PropertyValueSpecification\",\"valueRequired\":true,\"valueName\":\"search_term_string\"}}],\"inLanguage\":\"en-US\"},{\"@type\":\"Organization\",\"@id\":\"https:\/\/casemio.de\/#organization\",\"name\":\"CaseMio\",\"url\":\"https:\/\/casemio.de\/\",\"logo\":{\"@type\":\"ImageObject\",\"inLanguage\":\"en-US\",\"@id\":\"https:\/\/casemio.de\/#\/schema\/logo\/image\/\",\"url\":\"https:\/\/casemio.de\/wp-content\/uploads\/2024\/02\/dasda-scaled.jpg\",\"contentUrl\":\"https:\/\/casemio.de\/wp-content\/uploads\/2024\/02\/dasda-scaled.jpg\",\"width\":2560,\"height\":1707,\"caption\":\"CaseMio\"},\"image\":{\"@id\":\"https:\/\/casemio.de\/#\/schema\/logo\/image\/\"}}]}<\/script>\n<!-- \/ Yoast SEO plugin. -->","yoast_head_json":{"title":"Zahlung und Versand - CaseMio","robots":{"index":"index","follow":"follow","max-snippet":"max-snippet:-1","max-image-preview":"max-image-preview:large","max-video-preview":"max-video-preview:-1"},"canonical":"https:\/\/casemio.de\/en\/zahlung-und-versand\/","og_locale":"en_US","og_type":"article","og_title":"Zahlung und Versand - CaseMio","og_description":"Es gelten folgende Bedingungen: Die Lieferung erfolgt im Inland (Deutschland) und in die nachstehenden L\u00e4nder: \u00d6sterreich, Schweiz. Versandkosten (zzgl. MwSt.) Lieferungen im Inland (Deutschland): Wir berechnen die Versandkosten pauschal mit 4,99 \u0080 pro Bestellung. Lieferungen ins Ausland: Akzeptierte Zahlungsm\u00f6glichkeiten \u00dcber PayPal Checkout: Besondere Vereinbarungen zu den angebotenen Zahlungsarten Zahlung \u00fcber &#8222;PayPal&#8220; \/ &#8222;PayPal Checkout&#8220;Bei Auswahl [...]","og_url":"https:\/\/casemio.de\/en\/zahlung-und-versand\/","og_site_name":"CaseMio","article_modified_time":"2024-11-22T22:27:24+00:00","twitter_card":"summary_large_image","twitter_misc":{"Est. reading time":"1 minute"},"schema":{"@context":"https:\/\/schema.org","@graph":[{"@type":"WebPage","@id":"https:\/\/casemio.de\/zahlung-und-versand\/","url":"https:\/\/casemio.de\/zahlung-und-versand\/","name":"Zahlung und Versand - CaseMio","isPartOf":{"@id":"https:\/\/casemio.de\/#website"},"datePublished":"2024-11-22T22:27:22+00:00","dateModified":"2024-11-22T22:27:24+00:00","breadcrumb":{"@id":"https:\/\/casemio.de\/zahlung-und-versand\/#breadcrumb"},"inLanguage":"en-US","potentialAction":[{"@type":"ReadAction","target":["https:\/\/casemio.de\/zahlung-und-versand\/"]}]},{"@type":"BreadcrumbList","@id":"https:\/\/casemio.de\/zahlung-und-versand\/#breadcrumb","itemListElement":[{"@type":"ListItem","position":1,"name":"Home","item":"https:\/\/casemio.de\/"},{"@type":"ListItem","position":2,"name":"Zahlung und Versand"}]},{"@type":"WebSite","@id":"https:\/\/casemio.de\/#website","url":"https:\/\/casemio.de\/","name":"CaseMio","description":"","publisher":{"@id":"https:\/\/casemio.de\/#organization"},"potentialAction":[{"@type":"SearchAction","target":{"@type":"EntryPoint","urlTemplate":"https:\/\/casemio.de\/?s={search_term_string}"},"query-input":{"@type":"PropertyValueSpecification","valueRequired":true,"valueName":"search_term_string"}}],"inLanguage":"en-US"},{"@type":"Organization","@id":"https:\/\/casemio.de\/#organization","name":"CaseMio","url":"https:\/\/casemio.de\/","logo":{"@type":"ImageObject","inLanguage":"en-US","@id":"https:\/\/casemio.de\/#\/schema\/logo\/image\/","url":"https:\/\/casemio.de\/wp-content\/uploads\/2024\/02\/dasda-scaled.jpg","contentUrl":"https:\/\/casemio.de\/wp-content\/uploads\/2024\/02\/dasda-scaled.jpg","width":2560,"height":1707,"caption":"CaseMio"},"image":{"@id":"https:\/\/casemio.de\/#\/schema\/logo\/image\/"}}]}},"_links":{"self":[{"href":"https:\/\/casemio.de\/en\/wp-json\/wp\/v2\/pages\/1506","targetHints":{"allow":["GET"]}}],"collection":[{"href":"https:\/\/casemio.de\/en\/wp-json\/wp\/v2\/pages"}],"about":[{"href":"https:\/\/casemio.de\/en\/wp-json\/wp\/v2\/types\/page"}],"author":[{"embeddable":true,"href":"https:\/\/casemio.de\/en\/wp-json\/wp\/v2\/users\/1"}],"replies":[{"embeddable":true,"href":"https:\/\/casemio.de\/en\/wp-json\/wp\/v2\/comments?post=1506"}],"version-history":[{"count":1,"href":"https:\/\/casemio.de\/en\/wp-json\/wp\/v2\/pages\/1506\/revisions"}],"predecessor-version":[{"id":1507,"href":"https:\/\/casemio.de\/en\/wp-json\/wp\/v2\/pages\/1506\/revisions\/1507"}],"wp:attachment":[{"href":"https:\/\/casemio.de\/en\/wp-json\/wp\/v2\/media?parent=1506"}],"curies":[{"name":"wp","href":"https:\/\/api.w.org\/{rel}","templated":true}]}}